{"id":2680,"date":"2019-07-13T03:25:40","date_gmt":"2019-07-13T03:25:40","guid":{"rendered":"https:\/\/virgiliogalvis.com\/?page_id=2680"},"modified":"2019-07-13T03:25:40","modified_gmt":"2019-07-13T03:25:40","slug":"cirugia-de-estrabismo","status":"publish","type":"page","link":"https:\/\/virgiliogalvis.com\/en\/cirugias-y-procedimientos\/cirugia-de-estrabismo\/","title":{"rendered":"Strabismus Surgery"},"content":{"rendered":"<p>[vc_row iw_layout=&#8221;wide-bg&#8221;][vc_column][vc_row_inner equal_height=&#8221;yes&#8221; gap=&#8221;35&#8243;][vc_column_inner width=&#8221;1\/4&#8243; offset=&#8221;vc_hidden-md vc_hidden-sm vc_hidden-xs&#8221;][vc_wp_custommenu title=&#8221;CIRUG\u00cdAS Y PROCEDIMIENTOS&#8221; nav_menu=&#8221;45&#8243;][\/vc_column_inner][vc_column_inner width=&#8221;3\/4&#8243;][inwave_heading preview_style_1=&#8221;&#8221; title=&#8221;{Cirug\u00eda de Estrabismo}&#8221;][vc_video link=&#8221;https:\/\/youtu.be\/wsTr7CJOkdo&#8221;][\/vc_column_inner][\/vc_row_inner][vc_row_inner][vc_column_inner][vc_column_text]<\/p>\n<p class=\"p1\"><span class=\"s1\">La correcci\u00f3n de la desviaci\u00f3n de los ojos puede ser tratada mediante gafas, pero, cuando el estrabismo persiste a pesar de la graduaci\u00f3n, es necesario iniciar otros tratamientos. Existen varias opciones entre las que se encuentran los prismas, los ejercicios musculares, la toxina botul\u00ednica y la cirug\u00eda.<\/span><\/p>\n<p class=\"p1\"><span class=\"s1\">En algunas situaciones, la cirug\u00eda representa el tratamiento ideal, aunque puede presentar complicaciones que posteriormente se detallar\u00e1n.<\/span><\/p>\n<p>[\/vc_column_text][\/vc_column_inner][\/vc_row_inner][inwave_accordions layout=&#8221;accordion2&#8243; preview_style2=&#8221;&#8221; item_active=&#8221;-1&#8243;][inwave_accordion_item title=&#8221;PROCEDIMIENTO&#8221;]<\/p>\n<p class=\"p1\"><span class=\"s1\">El primer punto que se debe aclarar es que se trata de una cirug\u00eda que se efect\u00faa por fuera del ojo. El cirujano no penetra dentro del ojo.<\/span><\/p>\n<p class=\"p1\"><span class=\"s1\">B\u00e1sicamente, se debilita y\/o refuerza los m\u00fasculos que mueven el ojo en las distintas posiciones de la mirada.<\/span><\/p>\n<p>[\/inwave_accordion_item][inwave_accordion_item title=&#8221;INDICACIONES&#8221;]<\/p>\n<p class=\"p1\"><span class=\"s1\">El n\u00famero de m\u00fasculos que se operan depende del tipo de estrabismo y de la desviaci\u00f3n.<\/span><\/p>\n<p class=\"p1\"><span class=\"s1\">Otro punto importante es que, en muchos casos, a pesar que el ojo que se desv\u00eda es siempre el mismo, se pueden operar m\u00fasculos de los dos ojos.<\/span><\/p>\n<p class=\"p1\"><span class=\"s1\">En adultos la cirug\u00eda se realiza mediante anestesia t\u00f3pica.<\/span><\/p>\n<p>[\/inwave_accordion_item][inwave_accordion_item title=&#8221;RECOMENDACIONES&#8221;]<\/p>\n<p class=\"p1\"><span class=\"s1\">En ni\u00f1os, es preciso realizar la cirug\u00eda mediante anestesia general pues hasta los 9-10 a\u00f1os la colaboraci\u00f3n impide aplicarla localmente con gotas, como sucede en los adultos. Sin embargo, a\u00fan en estos casos, se realiza ambulatoriamente de tal forma que a las pocas horas el paciente puede salir de la cl\u00ednica. <\/span><\/p>\n<p>[\/inwave_accordion_item][\/inwave_accordions][vc_row_inner][vc_column_inner][vc_btn title=&#8221;SOLICITE SU CITA&#8221; shape=&#8221;round&#8221; align=&#8221;center&#8221; el_class=&#8221;popmake-3281 pum-trigger&#8221;][\/vc_column_inner][\/vc_row_inner][\/vc_column][\/vc_row]<\/p>\n","protected":false},"excerpt":{"rendered":"<p>[vc_row iw_layout=&#8221;wide-bg&#8221;][vc_column][vc_row_inner equal_height=&#8221;yes&#8221; gap=&#8221;35&#8243;][vc_column_inner width=&#8221;1\/4&#8243; offset=&#8221;vc_hidden-md vc_hidden-sm vc_hidden-xs&#8221;][vc_wp_custommenu title=&#8221;CIRUG\u00cdAS Y PROCEDIMIENTOS&#8221; nav_menu=&#8221;45&#8243;][\/vc_column_inner][vc_column_inner width=&#8221;3\/4&#8243;][inwave_heading preview_style_1=&#8221;&#8221; title=&#8221;{Cirug\u00eda de Estrabismo}&#8221;][vc_video link=&#8221;https:\/\/youtu.be\/wsTr7CJOkdo&#8221;][\/vc_column_inner][\/vc_row_inner][vc_row_inner][vc_column_inner][vc_column_text] La correcci\u00f3n de la desviaci\u00f3n de los ojos puede ser tratada mediante gafas, pero, cuando el estrabismo persiste a pesar de la graduaci\u00f3n, es necesario iniciar otros tratamientos. Existen varias opciones entre las que se encuentran los&#8230;<\/p>\n","protected":false},"author":2,"featured_media":0,"parent":2659,"menu_order":0,"comment_status":"closed","ping_status":"closed","template":"page-templates\/full-width-page.php","meta":{"_acf_changed":false,"inline_featured_image":false,"footnotes":""},"class_list":["post-2680","page","type-page","status-publish","hentry"],"acf":[],"_links":{"self":[{"href":"https:\/\/virgiliogalvis.com\/en\/wp-json\/wp\/v2\/pages\/2680","targetHints":{"allow":["GET"]}}],"collection":[{"href":"https:\/\/virgiliogalvis.com\/en\/wp-json\/wp\/v2\/pages"}],"about":[{"href":"https:\/\/virgiliogalvis.com\/en\/wp-json\/wp\/v2\/types\/page"}],"author":[{"embeddable":true,"href":"https:\/\/virgiliogalvis.com\/en\/wp-json\/wp\/v2\/users\/2"}],"replies":[{"embeddable":true,"href":"https:\/\/virgiliogalvis.com\/en\/wp-json\/wp\/v2\/comments?post=2680"}],"version-history":[{"count":0,"href":"https:\/\/virgiliogalvis.com\/en\/wp-json\/wp\/v2\/pages\/2680\/revisions"}],"up":[{"embeddable":true,"href":"https:\/\/virgiliogalvis.com\/en\/wp-json\/wp\/v2\/pages\/2659"}],"wp:attachment":[{"href":"https:\/\/virgiliogalvis.com\/en\/wp-json\/wp\/v2\/media?parent=2680"}],"curies":[{"name":"wp","href":"https:\/\/api.w.org\/{rel}","templated":true}]}}