{"id":2678,"date":"2019-07-13T03:21:51","date_gmt":"2019-07-13T03:21:51","guid":{"rendered":"https:\/\/virgiliogalvis.com\/?page_id=2678"},"modified":"2019-07-13T03:21:51","modified_gmt":"2019-07-13T03:21:51","slug":"cirugia-de-catarata","status":"publish","type":"page","link":"https:\/\/virgiliogalvis.com\/en\/cirugias-y-procedimientos\/cirugia-de-catarata\/","title":{"rendered":"Cataract Surgery"},"content":{"rendered":"<p>[vc_row iw_layout=&#8221;wide-bg&#8221;][vc_column][vc_row_inner equal_height=&#8221;yes&#8221; gap=&#8221;35&#8243;][vc_column_inner width=&#8221;1\/4&#8243; offset=&#8221;vc_hidden-md vc_hidden-sm vc_hidden-xs&#8221;][vc_wp_custommenu nav_menu=&#8221;45&#8243; title=&#8221;CIRUG\u00cdAS Y PROCEDIMIENTOS&#8221;][\/vc_column_inner][vc_column_inner width=&#8221;3\/4&#8243;][inwave_heading preview_style_1=&#8221;&#8221; title=&#8221;{Cirug\u00eda de Cataratas}&#8221;][vc_video link=&#8221;https:\/\/youtu.be\/dS1Ch0JpIQ0&#8243;][\/vc_column_inner][\/vc_row_inner][vc_row_inner][vc_column_inner][vc_column_text]<\/p>\n<p class=\"p1\"><span class=\"s1\">Todos tenemos un lente natural dentro del ojo que se llama cristalino, su nombre es debido a su trasparencia, gracias a \u00e9l logramos enfocar al mirar a diferentes distancias con nitidez. <\/span><\/p>\n<p class=\"p1\"><span class=\"s1\">Con la edad este lente se va opacando por causas naturales generando disminuci\u00f3n de la calidad y cantidad de la visi\u00f3n. Otras causas de que se opaque son traumas, alteraciones cong\u00e9nitas, enfermedades metab\u00f3licas como la diabetes o por consumo de medicamentos de forma cr\u00f3nica como los corticoides.<\/span><\/p>\n<p class=\"p1\"><span class=\"s1\">Cualquier opacidad en el cristalino se conoce como catarata y su \u00fanico tratamiento es la cirug\u00eda, en esta se retira el cristalino opaco y se cambia por un lente de acr\u00edlico que se va a alojar en el sitio donde se encontraba la catarata y va a estar all\u00ed (dentro del ojo) para toda la vida.<\/span><\/p>\n<p>[\/vc_column_text][\/vc_column_inner][\/vc_row_inner][inwave_accordions layout=&#8221;accordion2&#8243; preview_style2=&#8221;&#8221; item_active=&#8221;-1&#8243;][inwave_accordion_item title=&#8221;PROCEDIMIENTO&#8221;]<\/p>\n<p class=\"p1\"><span class=\"s1\">Actualmente la cirug\u00eda de catarata se realiza usualmente por microinsici\u00f3n (es decir incisiones de manos de 2,5 mm que no requieren suturas) y empleando un equipo conocido como facoemulsificador que vibra a velocidad ultras\u00f3nica para pulverizar y aspirar la catarata.<\/span><\/p>\n<p class=\"p1\"><span class=\"s1\">Luego de extraer la catarata se introduce dentro del ojo el lente intraocular, que siempre es necesario.<\/span><\/p>\n<p class=\"p1\"><span class=\"s1\">Hay muchos tipos de lentes intraoculares, los lentes esf\u00e9ricos con los cuales los pacientes con una alta posibilidad pueden quedar con buena visi\u00f3n lejana, pero requiere usar gafas despu\u00e9s de la cirug\u00eda para leer. Cuando existe una condici\u00f3n llamada astigmatismo en la c\u00f3rnea, se necesita un lente t\u00f3rico para corregirlo.<\/span><\/p>\n<p class=\"p1\"><span class=\"s1\">Ahora tambi\u00e9n est\u00e1n disponibles los lentes intraoculares multifocales permiten una visi\u00f3n adecuada tanto para lejos como para cerca, y por ello le ofrecen al paciente la independencia de gafas para ambas distancias (lo cual se logra con este tipo de lentes en m\u00e1s del 90% de los casos). Ahora, no todos los pacientes son buenos candidatos para este tipo de lente, y por ello se requiere una cuidadosa valoraci\u00f3n antes de cirug\u00eda. <\/span><\/p>\n<p class=\"p1\"><span class=\"s1\">Por otra parte, dada la eficacia y seguridad de la cirug\u00eda moderna de catarata, no necesariamente hay que tener catarata significativa para poder ser candidato a uno de estos lentes.<span class=\"Apple-converted-space\">\u00a0 <\/span>En mayores de 50 o 55 a\u00f1os y que tengan miop\u00eda o hipermetrop\u00eda significativa, aun cuando la opacidad del cristalino sea incipiente podr\u00edan ser buenos candidatos a un procedimiento denominado cirug\u00eda facorefractiva en donde se busca retirar el cristalino para colocar un lente intraocular multifocal (con la misma t\u00e9cnica de la cirug\u00eda de catarata) pero hecha para lograr independencia de gafas, en los casos en donde el tratamiento de cirug\u00eda refractiva con Excimer l\u00e1ser no sea la mejor opci\u00f3n.<\/span><\/p>\n<p>[\/inwave_accordion_item][inwave_accordion_item title=&#8221;INDICACIONES&#8221;]<\/p>\n<p class=\"p1\"><span class=\"s1\">La catarata m\u00e1s frecuente en nuestro medio es la catarata senil originada por el envejecimiento y deterioro de las prote\u00ednas del cristalino por la edad, pero existen tambi\u00e9n otras causas para esta enfermedad: metab\u00f3licas, traum\u00e1ticas, inflamatorias, cong\u00e9nitas, entre otras.<\/span><\/p>\n<p class=\"p1\"><span class=\"s1\">Algunas enfermedades relacionadas son:<\/span><\/p>\n<ul class=\"ul1\">\n<li class=\"li1\"><span class=\"s1\">Cataratas asociadas a la edad<\/span><\/li>\n<li class=\"li1\"><span class=\"s1\">Catarata por traumatismo<\/span><\/li>\n<li class=\"li1\"><span class=\"s1\">Cataratas cong\u00e9nitas<\/span><\/li>\n<\/ul>\n<p class=\"p1\"><span class=\"s1\">El \u00fanico tratamiento definitivo que existe, a d\u00eda de hoy, para tratar las cataratas es la cirug\u00eda.<\/span><\/p>\n<p>[\/inwave_accordion_item][inwave_accordion_item title=&#8221;RECOMENDACIONES&#8221;]<\/p>\n<p class=\"p1\"><span class=\"s1\">Las revisiones peri\u00f3dicas de la vista permiten una detecci\u00f3n precoz de las cataratas, lo que evita la evoluci\u00f3n del problema facilitando su tratamiento.<\/span><\/p>\n<p class=\"p1\"><span class=\"s1\">Para poder evaluar de manera precisa cada caso y tomar decisiones en cuanto a los procedimientos mencionados, es importante realizar una historia cl\u00ednica completa, ex\u00e1menes diagn\u00f3sticos de \u00faltima tecnolog\u00eda y un abordaje integral del paciente por parte del oftalm\u00f3logo. Recordemos que cada cirug\u00eda tiene indicaciones precisas y debes tener una buena asesor\u00eda en el momento de implantar un lente intraocular.<\/span><\/p>\n<p>[\/inwave_accordion_item][\/inwave_accordions][vc_row_inner][vc_column_inner][vc_btn title=&#8221;SOLICITE SU CITA&#8221; shape=&#8221;round&#8221; align=&#8221;center&#8221; el_class=&#8221;popmake-3281 pum-trigger&#8221;][\/vc_column_inner][\/vc_row_inner][\/vc_column][\/vc_row]<\/p>\n","protected":false},"excerpt":{"rendered":"<p>[vc_row iw_layout=&#8221;wide-bg&#8221;][vc_column][vc_row_inner equal_height=&#8221;yes&#8221; gap=&#8221;35&#8243;][vc_column_inner width=&#8221;1\/4&#8243; offset=&#8221;vc_hidden-md vc_hidden-sm vc_hidden-xs&#8221;][vc_wp_custommenu nav_menu=&#8221;45&#8243; title=&#8221;CIRUG\u00cdAS Y PROCEDIMIENTOS&#8221;][\/vc_column_inner][vc_column_inner width=&#8221;3\/4&#8243;][inwave_heading preview_style_1=&#8221;&#8221; title=&#8221;{Cirug\u00eda de Cataratas}&#8221;][vc_video link=&#8221;https:\/\/youtu.be\/dS1Ch0JpIQ0&#8243;][\/vc_column_inner][\/vc_row_inner][vc_row_inner][vc_column_inner][vc_column_text] Todos tenemos un lente natural dentro del ojo que se llama cristalino, su nombre es debido a su trasparencia, gracias a \u00e9l logramos enfocar al mirar a diferentes distancias con nitidez. Con la edad este lente se&#8230;<\/p>\n","protected":false},"author":2,"featured_media":0,"parent":2659,"menu_order":0,"comment_status":"closed","ping_status":"closed","template":"page-templates\/full-width-page.php","meta":{"_acf_changed":false,"inline_featured_image":false,"footnotes":""},"class_list":["post-2678","page","type-page","status-publish","hentry"],"acf":[],"_links":{"self":[{"href":"https:\/\/virgiliogalvis.com\/en\/wp-json\/wp\/v2\/pages\/2678","targetHints":{"allow":["GET"]}}],"collection":[{"href":"https:\/\/virgiliogalvis.com\/en\/wp-json\/wp\/v2\/pages"}],"about":[{"href":"https:\/\/virgiliogalvis.com\/en\/wp-json\/wp\/v2\/types\/page"}],"author":[{"embeddable":true,"href":"https:\/\/virgiliogalvis.com\/en\/wp-json\/wp\/v2\/users\/2"}],"replies":[{"embeddable":true,"href":"https:\/\/virgiliogalvis.com\/en\/wp-json\/wp\/v2\/comments?post=2678"}],"version-history":[{"count":0,"href":"https:\/\/virgiliogalvis.com\/en\/wp-json\/wp\/v2\/pages\/2678\/revisions"}],"up":[{"embeddable":true,"href":"https:\/\/virgiliogalvis.com\/en\/wp-json\/wp\/v2\/pages\/2659"}],"wp:attachment":[{"href":"https:\/\/virgiliogalvis.com\/en\/wp-json\/wp\/v2\/media?parent=2678"}],"curies":[{"name":"wp","href":"https:\/\/api.w.org\/{rel}","templated":true}]}}