{"id":2676,"date":"2019-07-13T03:17:17","date_gmt":"2019-07-13T03:17:17","guid":{"rendered":"https:\/\/virgiliogalvis.com\/?page_id=2676"},"modified":"2019-07-13T03:17:17","modified_gmt":"2019-07-13T03:17:17","slug":"cirugia-de-chalazion","status":"publish","type":"page","link":"https:\/\/virgiliogalvis.com\/en\/cirugias-y-procedimientos\/cirugia-de-chalazion\/","title":{"rendered":"Chalazion Surgery"},"content":{"rendered":"<p>[vc_row iw_layout=&#8221;wide-bg&#8221;][vc_column][vc_row_inner equal_height=&#8221;yes&#8221; gap=&#8221;35&#8243;][vc_column_inner width=&#8221;1\/4&#8243; offset=&#8221;vc_hidden-md vc_hidden-sm vc_hidden-xs&#8221;][vc_wp_custommenu title=&#8221;CIRUG\u00cdAS Y PROCEDIMIENTOS&#8221; nav_menu=&#8221;45&#8243;][\/vc_column_inner][vc_column_inner width=&#8221;3\/4&#8243;][inwave_heading preview_style_1=&#8221;&#8221; title=&#8221;{Cirug\u00eda de Chalazion}&#8221;][vc_video link=&#8221;https:\/\/youtu.be\/XFN_MsO-6OA&#8221;][\/vc_column_inner][\/vc_row_inner][vc_row_inner][vc_column_inner][vc_column_text]<\/p>\n<p class=\"p1\"><span class=\"s1\">El chalazi\u00f3n es la inflamaci\u00f3n y obstrucci\u00f3n de una o de varias <a href=\"https:\/\/es.wikipedia.org\/wiki\/Gl%25C3%25A1ndula_de_Meibomio\">gl\u00e1ndulas de Meibomio<\/a>. Las gl\u00e1ndulas de Meibomio est\u00e1n en los p\u00e1rpados y su misi\u00f3n es secretar sustancias de la pel\u00edcula lagrimal. El chalazi\u00f3n es muy evidente, es una peque\u00f1a bola o quiste situado bajo la piel del p\u00e1rpado, que, en ocasiones, es visible a simple vista o por lo menos se notar\u00e1 palp\u00e1ndolo como un peque\u00f1o \u201cbulto\u201d en el p\u00e1rpado.<\/span><\/p>\n<p class=\"p1\"><span class=\"s1\">La cirug\u00eda se realiza a todos aquellos pacientes afectados por chalazi\u00f3n en los que el tratamiento convencional no les ha servido para tratar la lesi\u00f3n. En cuanto \u00e9ste persista m\u00e1s de dos meses o vaya aumentando su tama\u00f1o de forma r\u00e1pida, es recomendable quitarlo mediante una sencilla intervenci\u00f3n.<\/span><\/p>\n<p>[\/vc_column_text][\/vc_column_inner][\/vc_row_inner][inwave_accordions layout=&#8221;accordion2&#8243; preview_style2=&#8221;&#8221; item_active=&#8221;-1&#8243;][inwave_accordion_item title=&#8221;PROCEDIMIENTO&#8221;]<\/p>\n<p class=\"p1\"><span class=\"s1\">La cirug\u00eda de chalazi\u00f3n consiste en realizar una peque\u00f1a incisi\u00f3n por la parte interior del p\u00e1rpado afectado para extraer el contenido de la gl\u00e1ndula afectada sin dejar ninguna marca visible. Es una cirug\u00eda breve y muy poco agresiva. En los casos m\u00e1s grandes o con afectaci\u00f3n de la piel, podr\u00eda ser necesario un peque\u00f1o corte de 1-2 mm en la piel, que suele ser imperceptible una vez cicatrizado.<\/span><\/p>\n<p>[\/inwave_accordion_item][inwave_accordion_item title=&#8221;INDICACIONES&#8221;]<\/p>\n<p class=\"p1\"><span class=\"s1\">Tras la operaci\u00f3n, se suele dejar el ojo tapado hasta el d\u00eda siguiente. Como tratamiento se aplica un colirio o pomada con antibi\u00f3ticos y corticoides durante unos d\u00edas.<\/span><\/p>\n<p class=\"p1\"><span class=\"s1\">El seguimiento por parte del oftalm\u00f3logo se realiza entre las primeras 2 y 4 semanas. La cirug\u00eda de chalazi\u00f3n es un procedimiento sencillo y seguro.<\/span><\/p>\n<p>[\/inwave_accordion_item][inwave_accordion_item title=&#8221;RECOMENDACIONES&#8221;]<\/p>\n<p class=\"p1\"><span class=\"s1\">El paciente, por lo general, puede conducir el d\u00eda despu\u00e9s de la intervenci\u00f3n y retomar su vida laboral al d\u00eda siguiente tras la misma. Como en cualquier intervenci\u00f3n de p\u00e1rpados se puede producir un peque\u00f1o hematoma en la zona y, de producirse, desaparecer\u00eda antes de 10 d\u00edas.<\/span><\/p>\n<p>[\/inwave_accordion_item][\/inwave_accordions][vc_row_inner][vc_column_inner][vc_btn title=&#8221;SOLICITE SU CITA&#8221; shape=&#8221;round&#8221; align=&#8221;center&#8221; el_class=&#8221;popmake-3281 pum-trigger&#8221;][\/vc_column_inner][\/vc_row_inner][\/vc_column][\/vc_row]<\/p>\n","protected":false},"excerpt":{"rendered":"<p>[vc_row iw_layout=&#8221;wide-bg&#8221;][vc_column][vc_row_inner equal_height=&#8221;yes&#8221; gap=&#8221;35&#8243;][vc_column_inner width=&#8221;1\/4&#8243; offset=&#8221;vc_hidden-md vc_hidden-sm vc_hidden-xs&#8221;][vc_wp_custommenu title=&#8221;CIRUG\u00cdAS Y PROCEDIMIENTOS&#8221; nav_menu=&#8221;45&#8243;][\/vc_column_inner][vc_column_inner width=&#8221;3\/4&#8243;][inwave_heading preview_style_1=&#8221;&#8221; title=&#8221;{Cirug\u00eda de Chalazion}&#8221;][vc_video link=&#8221;https:\/\/youtu.be\/XFN_MsO-6OA&#8221;][\/vc_column_inner][\/vc_row_inner][vc_row_inner][vc_column_inner][vc_column_text] El chalazi\u00f3n es la inflamaci\u00f3n y obstrucci\u00f3n de una o de varias gl\u00e1ndulas de Meibomio. Las gl\u00e1ndulas de Meibomio est\u00e1n en los p\u00e1rpados y su misi\u00f3n es secretar sustancias de la pel\u00edcula lagrimal. El chalazi\u00f3n es muy&#8230;<\/p>\n","protected":false},"author":2,"featured_media":0,"parent":2659,"menu_order":0,"comment_status":"closed","ping_status":"closed","template":"page-templates\/full-width-page.php","meta":{"_acf_changed":false,"inline_featured_image":false,"footnotes":""},"class_list":["post-2676","page","type-page","status-publish","hentry"],"acf":[],"_links":{"self":[{"href":"https:\/\/virgiliogalvis.com\/en\/wp-json\/wp\/v2\/pages\/2676","targetHints":{"allow":["GET"]}}],"collection":[{"href":"https:\/\/virgiliogalvis.com\/en\/wp-json\/wp\/v2\/pages"}],"about":[{"href":"https:\/\/virgiliogalvis.com\/en\/wp-json\/wp\/v2\/types\/page"}],"author":[{"embeddable":true,"href":"https:\/\/virgiliogalvis.com\/en\/wp-json\/wp\/v2\/users\/2"}],"replies":[{"embeddable":true,"href":"https:\/\/virgiliogalvis.com\/en\/wp-json\/wp\/v2\/comments?post=2676"}],"version-history":[{"count":0,"href":"https:\/\/virgiliogalvis.com\/en\/wp-json\/wp\/v2\/pages\/2676\/revisions"}],"up":[{"embeddable":true,"href":"https:\/\/virgiliogalvis.com\/en\/wp-json\/wp\/v2\/pages\/2659"}],"wp:attachment":[{"href":"https:\/\/virgiliogalvis.com\/en\/wp-json\/wp\/v2\/media?parent=2676"}],"curies":[{"name":"wp","href":"https:\/\/api.w.org\/{rel}","templated":true}]}}