{"id":2674,"date":"2019-07-13T03:14:48","date_gmt":"2019-07-13T03:14:48","guid":{"rendered":"https:\/\/virgiliogalvis.com\/?page_id=2674"},"modified":"2019-07-13T03:14:48","modified_gmt":"2019-07-13T03:14:48","slug":"cirugia-de-glaucoma","status":"publish","type":"page","link":"https:\/\/virgiliogalvis.com\/en\/cirugias-y-procedimientos\/cirugia-de-glaucoma\/","title":{"rendered":"Glaucoma Surgery"},"content":{"rendered":"<p>[vc_row iw_layout=&#8221;wide-bg&#8221;][vc_column][vc_row_inner gap=&#8221;35&#8243;][vc_column_inner width=&#8221;1\/4&#8243; offset=&#8221;vc_hidden-md vc_hidden-sm vc_hidden-xs&#8221;][vc_wp_custommenu title=&#8221;CIRUG\u00cdAS Y PROCEDIMIENTOS&#8221; nav_menu=&#8221;45&#8243;][\/vc_column_inner][vc_column_inner width=&#8221;3\/4&#8243;][inwave_heading preview_style_1=&#8221;&#8221; title=&#8221;{Cirug\u00eda de Glaucoma}&#8221;][vc_video link=&#8221;https:\/\/youtu.be\/mD47IaPm_oY&#8221;][\/vc_column_inner][\/vc_row_inner][vc_row_inner][vc_column_inner][vc_column_text]<\/p>\n<p class=\"p1\"><span class=\"s1\">El glaucoma es una neuropat\u00eda \u00f3ptica progresiva, consecuencia de un aumento de la presi\u00f3n ocular, que produce una p\u00e9rdida del campo visual e incluso puede llevar a la ceguera.<\/span><\/p>\n<p class=\"p1\"><span class=\"s1\">La intervenci\u00f3n quir\u00fargica se plantea cuando el paciente presenta intolerancia al tratamiento m\u00e9dico o \u00e9ste resulta insuficiente para evitar la progresi\u00f3n del glaucoma.<\/span><\/p>\n<p class=\"p1\"><span class=\"s1\">Para tratar quir\u00fargicamente esta patolog\u00eda ocular, existen distintas t\u00e9cnicas y corresponde al oftalm\u00f3logo recomendar la m\u00e1s adecuada para cada caso.<\/span><\/p>\n<p>[\/vc_column_text][\/vc_column_inner][\/vc_row_inner][inwave_accordions layout=&#8221;accordion2&#8243; preview_style2=&#8221;&#8221; item_active=&#8221;-1&#8243;][inwave_accordion_item title=&#8221;PROCEDIMIENTO&#8221;]<\/p>\n<p class=\"p1\"><span class=\"s1\">El procedimiento m\u00e1s utilizado se denomina trabeculectom\u00eda, que puede ser perforante o no. Esta operaci\u00f3n consiste en buscar una nueva salida de humor acuoso del ojo hacia el exterior.<\/span><\/p>\n<p>[\/inwave_accordion_item][inwave_accordion_item title=&#8221;INDICACIONES&#8221;]<\/p>\n<p class=\"p1\"><span class=\"s1\">Con las t\u00e9cnicas empleadas actualmente, las complicaciones son escasas y pueden resolverse\u00a0en los primeros d\u00edas posteriores a la cirug\u00eda.<\/span><\/p>\n<p class=\"p1\"><span class=\"s1\">La consecuencia m\u00e1s grave es la p\u00e9rdida del\u00a0efecto de la trabeculectom\u00eda, que supone el mantenimiento de la presi\u00f3n intraocular en niveles elevados.<\/span><\/p>\n<p>[\/inwave_accordion_item][inwave_accordion_item title=&#8221;RECOMENDACIONES&#8221;]<\/p>\n<p class=\"p1\"><span class=\"s1\">Para lograr un proceso postoperatorio menos traum\u00e1tico, en algunos casos se suministran a anticicatricantes. El objetivo de estas es que limiten la capacidad del ojo para sellar la f\u00edstula que se ha abierto durante la operaci\u00f3n.<\/span><\/p>\n<p class=\"p1\"><span class=\"s1\">Desde hace un par de a\u00f1os se encuentran en estudio una serie de t\u00e9cnicas, llamadas MIGS, que realizan la misma operaci\u00f3n de filtrado del humor acuoso, pero de forma menos agresiva y que, por tanto, generan menos complicaciones en el postoperatorio.<\/span><\/p>\n<p>[\/inwave_accordion_item][\/inwave_accordions][vc_row_inner][vc_column_inner][vc_btn title=&#8221;SOLICITE SU CITA&#8221; shape=&#8221;round&#8221; align=&#8221;center&#8221; el_class=&#8221;popmake-3281 pum-trigger&#8221;][\/vc_column_inner][\/vc_row_inner][\/vc_column][\/vc_row][vc_row][vc_column][vc_column_text]<\/p>\n<p>[\/vc_column_text][\/vc_column][\/vc_row]<\/p>\n","protected":false},"excerpt":{"rendered":"<p>[vc_row iw_layout=&#8221;wide-bg&#8221;][vc_column][vc_row_inner gap=&#8221;35&#8243;][vc_column_inner width=&#8221;1\/4&#8243; offset=&#8221;vc_hidden-md vc_hidden-sm vc_hidden-xs&#8221;][vc_wp_custommenu title=&#8221;CIRUG\u00cdAS Y PROCEDIMIENTOS&#8221; nav_menu=&#8221;45&#8243;][\/vc_column_inner][vc_column_inner width=&#8221;3\/4&#8243;][inwave_heading preview_style_1=&#8221;&#8221; title=&#8221;{Cirug\u00eda de Glaucoma}&#8221;][vc_video link=&#8221;https:\/\/youtu.be\/mD47IaPm_oY&#8221;][\/vc_column_inner][\/vc_row_inner][vc_row_inner][vc_column_inner][vc_column_text] El glaucoma es una neuropat\u00eda \u00f3ptica progresiva, consecuencia de un aumento de la presi\u00f3n ocular, que produce una p\u00e9rdida del campo visual e incluso puede llevar a la ceguera. La intervenci\u00f3n quir\u00fargica se plantea cuando el paciente presenta&#8230;<\/p>\n","protected":false},"author":2,"featured_media":0,"parent":2659,"menu_order":0,"comment_status":"closed","ping_status":"closed","template":"page-templates\/full-width-page.php","meta":{"_acf_changed":false,"inline_featured_image":false,"footnotes":""},"class_list":["post-2674","page","type-page","status-publish","hentry"],"acf":[],"_links":{"self":[{"href":"https:\/\/virgiliogalvis.com\/en\/wp-json\/wp\/v2\/pages\/2674","targetHints":{"allow":["GET"]}}],"collection":[{"href":"https:\/\/virgiliogalvis.com\/en\/wp-json\/wp\/v2\/pages"}],"about":[{"href":"https:\/\/virgiliogalvis.com\/en\/wp-json\/wp\/v2\/types\/page"}],"author":[{"embeddable":true,"href":"https:\/\/virgiliogalvis.com\/en\/wp-json\/wp\/v2\/users\/2"}],"replies":[{"embeddable":true,"href":"https:\/\/virgiliogalvis.com\/en\/wp-json\/wp\/v2\/comments?post=2674"}],"version-history":[{"count":0,"href":"https:\/\/virgiliogalvis.com\/en\/wp-json\/wp\/v2\/pages\/2674\/revisions"}],"up":[{"embeddable":true,"href":"https:\/\/virgiliogalvis.com\/en\/wp-json\/wp\/v2\/pages\/2659"}],"wp:attachment":[{"href":"https:\/\/virgiliogalvis.com\/en\/wp-json\/wp\/v2\/media?parent=2674"}],"curies":[{"name":"wp","href":"https:\/\/api.w.org\/{rel}","templated":true}]}}