{"id":2653,"date":"2019-07-12T04:15:55","date_gmt":"2019-07-12T04:15:55","guid":{"rendered":"https:\/\/virgiliogalvis.com\/?page_id=2653"},"modified":"2019-07-12T04:15:55","modified_gmt":"2019-07-12T04:15:55","slug":"examenes-especializados-oftalmologia","status":"publish","type":"page","link":"https:\/\/virgiliogalvis.com\/en\/examenes-especializados-oftalmologia\/","title":{"rendered":"Specialized Exams"},"content":{"rendered":"<p>[vc_row iw_layout=&#8221;wide-bg&#8221;][vc_column][vc_row_inner equal_height=&#8221;yes&#8221; gap=&#8221;35&#8243;][vc_column_inner width=&#8221;1\/2&#8243;][vc_video link=&#8221;https:\/\/youtu.be\/mgR2yBf0BZ0&#8243;][vc_empty_space][\/vc_column_inner][vc_column_inner width=&#8221;1\/2&#8243;][inwave_heading preview_style_1=&#8221;&#8221; title=&#8221;{Centro Oftalmol\u00f3gico de Tecnolog\u00eda Avanzada}&#8221; align=&#8221;left&#8221;][vc_column_text]<\/p>\n<p class=\"p1\" style=\"text-align: justify;\"><span class=\"s1\">La Tecnolog\u00eda es la herramienta m\u00e9dica m\u00e1s importante en el campo de la oftalmolog\u00eda. Es por ello que en el Centro Oftalmol\u00f3gico de Tecnolog\u00eda Avanzada, llamado COTA disponemos de los \u00faltimos equipos tecnol\u00f3gicos para pruebas diagn\u00f3sticas que nos ayudan a realizar un acertado diagn\u00f3stico para posteriores tratamientos o procedimientos quir\u00fargicos y terap\u00e9uticos<\/span><\/p>\n<p class=\"p3\" style=\"text-align: justify;\"><span class=\"s1\">En COTA utilizamos herramientas de diagn\u00f3stico de \u00faltima generaci\u00f3n y apostamos por un diagn\u00f3stico temprano, un concepto de vital importancia para la recuperaci\u00f3n de la salud visual del paciente. <\/span><\/p>\n<p>Dentro de los ex\u00e1menes de apoyo diagnostico que realizamos tenemos los siguientes:[\/vc_column_text][vc_btn title=&#8221;SOLICITE SU CITA&#8221; shape=&#8221;round&#8221; align=&#8221;center&#8221; el_class=&#8221;popmake-3281 pum-trigger&#8221;][\/vc_column_inner][\/vc_row_inner][vc_row_inner][vc_column_inner][vc_empty_space][vc_column_text]<\/p>\n<p style=\"text-align: center;\">[slide-anything id=&#8221;3305&#8243;]<\/p>\n<p>[\/vc_column_text][\/vc_column_inner][\/vc_row_inner][inwave_accordions layout=&#8221;accordion2&#8243; preview_style2=&#8221;&#8221;][inwave_accordion_item title=&#8221;ABERROMETR\u00cdA&#8221;]La aberrometr\u00eda nos permite realizar el an\u00e1lisis de las propiedades \u00f3pticas de la c\u00f3rnea a partir de su morfolog\u00eda.<\/p>\n<p>El estudio de las aberraciones corneales tiene m\u00faltiples usos en oftalmolog\u00eda: entre otros, el estudio de la calidad \u00f3ptica de la c\u00f3rnea normal y patol\u00f3gica, la elecci\u00f3n de lentes intraoculares en funci\u00f3n de la aberraci\u00f3n esf\u00e9rica corneal y la aplicaci\u00f3n de tratamientos personalizados con l\u00e1ser <i>excimer<\/i> guiados por aberrometr\u00eda corneal.<\/p>\n<p>Los equipos que utilizamos son:<\/p>\n<p><strong>Peramis &#8211; SCHWIND <\/strong><\/p>\n<p><strong>KR1W &#8211; TOPCON<\/strong>[\/inwave_accordion_item][inwave_accordion_item title=&#8221;ANGIOGRAFIA&#8221;]La Angiograf\u00eda retinal es un examen de diagn\u00f3stico que requiere previa dilataci\u00f3n pupilar y la aplicaci\u00f3n intravenosa de un colorante que se utiliza como medio de contraste (Fluoresce\u00edna S\u00f3dica). Este le va a permitir al oftalm\u00f3logo evaluar si el paciente tiene alg\u00fan tipo de enfermedad retinal y definir la conducta a seguir.<\/p>\n<p>El equipo que utilizamos es el:<\/p>\n<p><strong>TRC 50 DX &#8211; TOPCON<\/strong>[\/inwave_accordion_item][inwave_accordion_item title=&#8221;BIOMETRIA OCULAR&#8221;]El examen de biometr\u00eda ocular permite medir la longitud axial del ojo, la profundidad de la c\u00e1mara anterior y el grosor del cristalino<\/p>\n<p>Los equipos que utilizamos son:<\/p>\n<p><strong>IOL MASTER 700 &#8211; ZEISS <\/strong><\/p>\n<p><strong>LENSTAR L900 &#8211; HAAG STREIT<\/strong>[\/inwave_accordion_item][inwave_accordion_item title=&#8221;CAMPOS VISUALES &#8211; CAMPIMETR\u00cdA&#8221;]El examen de Campo visual computarizado permite evaluar la sensibilidad retiniana, la v\u00eda visual y el nervio \u00f3ptico.<\/p>\n<p>Los equipos que tenemos son:<\/p>\n<p>HUMPREY FIEL ANALYSER &#8211; ZEISS[\/inwave_accordion_item][inwave_accordion_item title=&#8221;ECOGRAFIA OCULAR&#8221;]La Ecograf\u00eda ocular permite hacer una evaluaci\u00f3n de las estructuras del segmento posterior del ojo, como la cavidad v\u00edtrea, retina, coroides, nervio \u00f3ptico y la \u00f3rbita anterior por medio de ultrasonido.<\/p>\n<p>El equipo que tenemos es el:<\/p>\n<p><strong>HISCAN-OPTIKON<\/strong>[\/inwave_accordion_item][inwave_accordion_item title=&#8221;FOTOS FONDO DE OJO &#8211; SEGMENTO ANTERIOR Y POSTERIOR&#8221;]Las fotograf\u00edas que se toman a la parte m\u00e1s anterior del ojo se utilizan para documentar patolog\u00edas de segmento anterior y los anexos oculares.<\/p>\n<p>Los equipos que tenemos son:<\/p>\n<p><strong>OCT TRITON &#8211; TOPCON<\/strong>[\/inwave_accordion_item][inwave_accordion_item title=&#8221;TOMOGRAF\u00cdA DE COHERENCIA OPTICA&#8221;]La Tomograf\u00eda \u00d3ptica Coherente siglas OCT es un m\u00e9todo de diagn\u00f3stico no invasivo que permite obtener im\u00e1genes de alta resoluci\u00f3n de la retina y el nervio \u00f3ptico, no requiere contacto con el ojo pues se basa en la reflexi\u00f3n de se\u00f1ales luminosas.<\/p>\n<p>Los equipos que tenemos son:<\/p>\n<p><strong>MS39 &#8211; CSO <\/strong><\/p>\n<p><strong>OCT TRITON &#8211; TOPCON<\/strong>[\/inwave_accordion_item][inwave_accordion_item title=&#8221;TOPOGRAF\u00cdA CORNEAL&#8221;]El examen de Topograf\u00eda corneal realiza un an\u00e1lisis de la superficie de la c\u00f3rnea, que permite evaluar la forma y cuantificar el poder de las diferentes curvaturas, adicionalmente determina si se trata de deformaciones normales o deformaciones por enfermedades degenerativas como el queratocono.<\/p>\n<p>Los equipos que tenemos son:<\/p>\n<p><strong>SIRIUS &#8211; SCHWIND<\/strong><\/p>\n<p><strong>MS39 &#8211; CSO<\/strong><\/p>\n<p><strong>GALILEI G6 &#8211; ZIEMER<\/strong><\/p>\n<p><strong>OPD SCAN III &#8211; NIDEK\u00a0<\/strong>[\/inwave_accordion_item][inwave_accordion_item title=&#8221;RECUENTO ENDOTELIAL&#8221;]El examen de recuento de c\u00e9lulas endoteliales permite evaluar la cantidad y calidad de las c\u00e9lulas del endotelio corneal o capa interna de la c\u00f3rnea. Es necesario para evaluar el estado de salud de la c\u00f3rnea, la presencia de distrofias a nivel corneal, la posibilidad de rechazo en un trasplante de c\u00f3rnea y si la c\u00f3rnea es o no resistente para algunos procedimientos.<\/p>\n<p>El equipos que tenemos es el:<\/p>\n<p><strong>SP3000 &#8211; TOPCON<\/strong>[\/inwave_accordion_item][inwave_accordion_item title=&#8221;ECOGRAFIA ULTRABIOMICROSCOP\u00cdA UBM&#8221;]La Ecograf\u00eda UBM permite hacer una evaluaci\u00f3n de las estructuras del segmento anterior del ojo a trav\u00e9s de im\u00e1genes de alta resoluci\u00f3n obtenidas por ultrasonido.<\/p>\n<p>El\u00a0 equipos que tenemos es el:<\/p>\n<p><strong>HISCAN &#8211; OPTIKON<\/strong>[\/inwave_accordion_item][inwave_accordion_item title=&#8221;FOTOCOAGULACI\u00d3N LASER&#8221;]La fotocoagulaci\u00f3n con l\u00e1ser es una cirug\u00eda ocular que utiliza un l\u00e1ser para encoger o destruir las estructuras anormales en la retina, o para ocasionar intencionalmente la formaci\u00f3n de cicatrices.<\/p>\n<p>El equipo que tenemos es: LASER PASCAL STREAM LINE 577 &#8211; TOPCON[\/inwave_accordion_item][inwave_accordion_item title=&#8221;IRIDOTOM\u00cdA Y CAPSULOTOM\u00cdA&#8221;]La iridotom\u00eda es un procedimiento que se lleva a cabo con l\u00e1ser para facilitar el drenaje del humor acuoso. Es un tratamiento\u00a0 que se realiza en ojos con \u00e1ngulo estrecho (\u00e1ngulo ocluible) con fin preventivo: evitar un episodio de glaucoma, es decir, una subida brusca de presi\u00f3n intraocular por bloqueo pupilar.<\/p>\n<p>La Capsulotom\u00eda es la t\u00e9cnica que elimina la opacidad de la c\u00e1psula que envuelve a una lente intraocular implantada, esta opacidad se produce por la proliferaci\u00f3n de c\u00e9lulas residuales.<\/p>\n<p>El equipo que tenemos es: YAG LASER &#8211; CSO[\/inwave_accordion_item][inwave_accordion_item title=&#8221;ELECTROFISIOLOG\u00cdA OCULAR&#8221;]Es el estudio de los potenciales el\u00e9ctricos de las c\u00e9lulas y tejidos de la retina.<br \/>\nEl examen electrofisiol\u00f3gico consiste en evaluar la funci\u00f3n de la v\u00eda visual desde los fotoreceptores (bastones y conos) de la retina hasta la corteza visual del cerebro.<\/p>\n<p>Test b\u00e1sicos en electrofisiolog\u00eda: Electrorretinograma, Potencial visual Evocado, Electrooculograma.<\/p>\n<p>&nbsp;<\/p>\n<p>El equipo que tenemos es: RETI-PORT\/SCAN21 Gamma Plus2[\/inwave_accordion_item][\/inwave_accordions][vc_empty_space][vc_btn title=&#8221;SOLICITE SU CITA&#8221; shape=&#8221;round&#8221; align=&#8221;center&#8221; el_class=&#8221;popmake-3281 pum-trigger&#8221;][\/vc_column][\/vc_row]<\/p>\n","protected":false},"excerpt":{"rendered":"<p>[vc_row iw_layout=&#8221;wide-bg&#8221;][vc_column][vc_row_inner equal_height=&#8221;yes&#8221; gap=&#8221;35&#8243;][vc_column_inner width=&#8221;1\/2&#8243;][vc_video link=&#8221;https:\/\/youtu.be\/mgR2yBf0BZ0&#8243;][vc_empty_space][\/vc_column_inner][vc_column_inner width=&#8221;1\/2&#8243;][inwave_heading preview_style_1=&#8221;&#8221; title=&#8221;{Centro Oftalmol\u00f3gico de Tecnolog\u00eda Avanzada}&#8221; align=&#8221;left&#8221;][vc_column_text] La Tecnolog\u00eda es la herramienta m\u00e9dica m\u00e1s importante en el campo de la oftalmolog\u00eda. Es por ello que en el Centro Oftalmol\u00f3gico de Tecnolog\u00eda Avanzada, llamado COTA disponemos de los \u00faltimos equipos tecnol\u00f3gicos para pruebas diagn\u00f3sticas que nos ayudan a realizar&#8230;<\/p>\n","protected":false},"author":2,"featured_media":0,"parent":0,"menu_order":0,"comment_status":"closed","ping_status":"closed","template":"page-templates\/full-width-page.php","meta":{"_acf_changed":false,"inline_featured_image":false,"footnotes":""},"class_list":["post-2653","page","type-page","status-publish","hentry"],"acf":[],"_links":{"self":[{"href":"https:\/\/virgiliogalvis.com\/en\/wp-json\/wp\/v2\/pages\/2653","targetHints":{"allow":["GET"]}}],"collection":[{"href":"https:\/\/virgiliogalvis.com\/en\/wp-json\/wp\/v2\/pages"}],"about":[{"href":"https:\/\/virgiliogalvis.com\/en\/wp-json\/wp\/v2\/types\/page"}],"author":[{"embeddable":true,"href":"https:\/\/virgiliogalvis.com\/en\/wp-json\/wp\/v2\/users\/2"}],"replies":[{"embeddable":true,"href":"https:\/\/virgiliogalvis.com\/en\/wp-json\/wp\/v2\/comments?post=2653"}],"version-history":[{"count":0,"href":"https:\/\/virgiliogalvis.com\/en\/wp-json\/wp\/v2\/pages\/2653\/revisions"}],"wp:attachment":[{"href":"https:\/\/virgiliogalvis.com\/en\/wp-json\/wp\/v2\/media?parent=2653"}],"curies":[{"name":"wp","href":"https:\/\/api.w.org\/{rel}","templated":true}]}}