{"id":2642,"date":"2019-07-12T03:40:47","date_gmt":"2019-07-12T03:40:47","guid":{"rendered":"https:\/\/virgiliogalvis.com\/?page_id=2642"},"modified":"2025-08-11T12:37:45","modified_gmt":"2025-08-11T17:37:45","slug":"convenios-y-medicina-prepagada","status":"publish","type":"page","link":"https:\/\/virgiliogalvis.com\/en\/proceso-de-admision\/convenios-y-medicina-prepagada\/","title":{"rendered":"Attention to Agreements"},"content":{"rendered":"\t\t<div data-elementor-type=\"wp-page\" data-elementor-id=\"2642\" class=\"elementor elementor-2642\">\n\t\t\t\t<div class=\"elementor-element elementor-element-b601b48 e-flex e-con-boxed cmsmasters-block-default e-con e-parent\" data-id=\"b601b48\" data-element_type=\"container\" data-e-type=\"container\">\n\t\t\t\t\t<div class=\"e-con-inner\">\n\t\t<div class=\"elementor-element elementor-element-67467c9 e-con-full e-flex cmsmasters-block-default e-con e-child\" data-id=\"67467c9\" data-element_type=\"container\" data-e-type=\"container\">\n\t\t\t\t<div class=\"elementor-element elementor-element-b236665 cmsmasters-block-default cmsmasters-sticky-default elementor-widget elementor-widget-video\" data-id=\"b236665\" data-element_type=\"widget\" data-e-type=\"widget\" data-settings=\"{&quot;youtube_url&quot;:&quot;https:\\\/\\\/youtu.be\\\/ToH5JLnCW84&quot;,&quot;video_type&quot;:&quot;youtube&quot;,&quot;controls&quot;:&quot;yes&quot;}\" data-widget_type=\"video.default\">\n\t\t\t\t<div class=\"elementor-widget-container\">\n\t\t\t\t\t\t\t<div class=\"elementor-wrapper elementor-open-inline\">\n\t\t\t<div class=\"elementor-video\"><\/div>\t\t<\/div>\n\t\t\t\t\t\t<\/div>\n\t\t\t\t<\/div>\n\t\t\t\t<\/div>\n\t\t<div class=\"elementor-element elementor-element-ded1981 e-con-full e-flex cmsmasters-block-default e-con e-child\" data-id=\"ded1981\" data-element_type=\"container\" data-e-type=\"container\">\n\t\t\t\t<div class=\"elementor-element elementor-element-3df624e cmsmasters-block-default cmsmasters-sticky-default elementor-widget elementor-widget-heading\" data-id=\"3df624e\" data-element_type=\"widget\" data-e-type=\"widget\" data-widget_type=\"heading.default\">\n\t\t\t\t<div class=\"elementor-widget-container\">\n\t\t\t\t\t<h2 class=\"elementor-heading-title elementor-size-default\">Convenios y Medicina Prepagada<\/h2>\t\t\t\t<\/div>\n\t\t\t\t<\/div>\n\t\t\t\t<div class=\"elementor-element elementor-element-938b2c1 cmsmasters-block-default cmsmasters-sticky-default elementor-widget elementor-widget-text-editor\" data-id=\"938b2c1\" data-element_type=\"widget\" data-e-type=\"widget\" data-widget_type=\"text-editor.default\">\n\t\t\t\t<div class=\"elementor-widget-container\">\n\t\t\t\t\t\t\t\t\t<p>Para solicitar una cita m\u00e9dica, se debe tener en cuenta si el usuario se encuentra afiliado a una entidad aseguradora en Medicina Prepagada, Ecopetrol u otro convenio y si se desea que los costos de la consulta, \u00f3rdenes y medicamentos sean cubiertos por dicha aseguradora.<\/p>\t\t\t\t\t\t\t\t<\/div>\n\t\t\t\t<\/div>\n\t\t\t\t<\/div>\n\t\t\t\t\t<\/div>\n\t\t\t\t<\/div>\n\t\t<div class=\"elementor-element elementor-element-ed4cd9e e-flex e-con-boxed cmsmasters-block-default e-con e-parent\" data-id=\"ed4cd9e\" data-element_type=\"container\" data-e-type=\"container\">\n\t\t\t\t\t<div class=\"e-con-inner\">\n\t\t\t\t<div class=\"elementor-element elementor-element-de51cc6 cmsmasters-tabs-type-vertical cmsmasters-list-item-alignment-left cmsmasters-icon-position-left cmsmasters-tabs-position-start cmsmasters-tabs-responsive-mobile cmsmasters-type-responsive-accordion cmsmasters-accordion-icon-position-right cmsmasters-accordion-icon-view-default cmsmasters-icon-view-default cmsmasters-pointer-none cmsmasters-block-default cmsmasters-sticky-default elementor-widget elementor-widget-cmsmasters-tabs cmsmasters-widget-tabs\" data-id=\"de51cc6\" data-element_type=\"widget\" data-e-type=\"widget\" data-settings=\"{&quot;tabs&quot;:[{&quot;tab_title&quot;:&quot;CITAS PARTICULARES&quot;,&quot;tab_content&quot;:&quot;&lt;div id=\\&quot;1564354235427-1219e0ed-d9f7\\&quot; class=\\&quot;vc_tta-panel vc_active\\&quot; data-vc-content=\\&quot;.vc_tta-panel-body\\&quot;&gt;&lt;div class=\\&quot;vc_tta-panel-body\\&quot;&gt;&lt;div class=\\&quot;wpb_text_column wpb_content_element \\&quot;&gt;&lt;div class=\\&quot;wpb_wrapper\\&quot;&gt;&lt;p class=\\&quot;p1\\&quot;&gt;&lt;span class=\\&quot;s1\\&quot;&gt;Las citas particulares con especialista tiene un valor de $350.000 pesos colombianos.&lt;\\\/span&gt;&lt;\\\/p&gt;&lt;p class=\\&quot;p1\\&quot;&gt;&lt;span class=\\&quot;s1\\&quot;&gt;Este servicio se brinda a trav\\u00e9s del \\u00e1rea de servicios especiales, quienes realizara el proceso de asignaci\\u00f3n de citas y se contactar\\u00e1n con usted para suministrar la informaci\\u00f3n sobre el valor a cancelar y facilitar el proceso de atenci\\u00f3n con los especialistas vinculados a la instituci\\u00f3n.&lt;\\\/span&gt;&lt;\\\/p&gt;&lt;p class=\\&quot;p1\\&quot;&gt;&lt;span class=\\&quot;s1\\&quot;&gt;PBX: (607) 6392929 \\u00f3 al M\\u00f3vil o Whatsapp 300 840 9433&lt;\\\/span&gt;&lt;\\\/p&gt;&lt;p class=\\&quot;p1\\&quot;&gt;&lt;span class=\\&quot;s1\\&quot;&gt;Para citas v\\u00eda web ingrese al portal de citas chat en l\\u00ednea que se encuentra ubicado en nuestra p\\u00e1gina web.&lt;\\\/span&gt;&lt;\\\/p&gt;&lt;\\\/div&gt;&lt;\\\/div&gt;&lt;\\\/div&gt;&lt;\\\/div&gt;&quot;,&quot;_id&quot;:&quot;675e597&quot;,&quot;content_type&quot;:&quot;tab-content&quot;,&quot;saved_section&quot;:null,&quot;tab_subtitle&quot;:&quot;&quot;,&quot;tab_icon&quot;:{&quot;value&quot;:&quot;&quot;,&quot;library&quot;:&quot;&quot;},&quot;tab_custom_id&quot;:&quot;&quot;},{&quot;_id&quot;:&quot;3567b0d&quot;,&quot;tab_content&quot;:&quot;&lt;p class=\\&quot;p1\\&quot;&gt;&lt;span class=\\&quot;s1\\&quot;&gt;La FUNDACI\\u00d3N SALUD SIGLO 21 es una importante labor social\\u00a0que facilita a los colombianos el acceso de servicios m\\u00e9dicos especializados para que usted y su familia puedan vivir con mejor.&lt;\\\/span&gt;&lt;\\\/p&gt;&lt;p class=\\&quot;p1\\&quot;&gt;&lt;span class=\\&quot;s1\\&quot;&gt;Este servicio es para personas de bajos recursos y para pertenecer debe realizar una serie de requisitos que se encuentran en su p\\u00e1gina web:&lt;\\\/span&gt;&lt;\\\/p&gt;&lt;p class=\\&quot;p1\\&quot;&gt;&lt;a href=\\&quot;https:\\\/\\\/saludsiglo21.org\\\/\\&quot;&gt;&lt;strong&gt;www.saludsiglo21.org&lt;\\\/strong&gt;&lt;\\\/a&gt;&lt;\\\/p&gt;&lt;p class=\\&quot;p1\\&quot;&gt;&lt;span class=\\&quot;s1\\&quot;&gt;Si ya hace parte de los afiliados para solicitar el servicio pres\\u00e9ntese 30 minutos antes de su cita en Autorizaciones (Torre A, 1er piso, Centro M\\u00e9dico Carlos Ardila L\\u00fclle) y reclame su respectiva Autorizaci\\u00f3n.&lt;\\\/span&gt;&lt;\\\/p&gt;&lt;p class=\\&quot;p1\\&quot;&gt;&lt;span class=\\&quot;s1\\&quot;&gt;Luego dirigirse al consultorio y cancele el valor del servicio: categor\\u00eda 1, 2 y 3 $130.000\\u00a0 pesos, categor\\u00eda 4 $180.000 pesos, verifique la categor\\u00eda de su afiliaci\\u00f3n.&lt;\\\/span&gt;&lt;\\\/p&gt;&quot;,&quot;tab_title&quot;:&quot;CITAS SIGLO 21&quot;,&quot;content_type&quot;:&quot;tab-content&quot;,&quot;saved_section&quot;:null,&quot;tab_subtitle&quot;:&quot;&quot;,&quot;tab_icon&quot;:{&quot;value&quot;:&quot;&quot;,&quot;library&quot;:&quot;&quot;},&quot;tab_custom_id&quot;:&quot;&quot;},{&quot;_id&quot;:&quot;98ac312&quot;,&quot;tab_content&quot;:&quot;&lt;p class=\\&quot;p1\\&quot;&gt;&lt;span class=\\&quot;s1\\&quot;&gt;Las citas para usuarios Ecopetrol cuentas con un directorio m\\u00e9dico para sus afiliados a los que puede contactar para obtener citas m\\u00e9dicas incluyendo de especialidades.&lt;\\\/span&gt;&lt;\\\/p&gt;&lt;p class=\\&quot;p1\\&quot;&gt;&lt;span class=\\&quot;s1\\&quot;&gt;Consulte directamente a Ecopetrol y conozca el procedimiento a seguir y los m\\u00e9dicos adscritos o a trav\\u00e9s de nuestras l\\u00edneas de atenci\\u00f3n.&lt;\\\/span&gt;&lt;\\\/p&gt;&lt;p class=\\&quot;p1\\&quot;&gt;&lt;span class=\\&quot;s1\\&quot;&gt;PBX: (607) 6392929\\u00a0 M\\u00f3vil o Whatsapp 300 840 9433&lt;\\\/span&gt;&lt;\\\/p&gt;&lt;p class=\\&quot;p1\\&quot;&gt;&lt;span class=\\&quot;s1\\&quot;&gt;Para enviar la autorizaci\\u00f3n de servicio es necesario que su MEGA la envie a trav\\u00e9s del correo\\u00a0&lt;strong&gt;medicos.ecopetrol@virgiliogalvis.com&lt;\\\/strong&gt;&lt;\\\/span&gt;&lt;\\\/p&gt;&quot;,&quot;tab_title&quot;:&quot;CITAS ECOPETROL&quot;,&quot;content_type&quot;:&quot;tab-content&quot;,&quot;saved_section&quot;:null,&quot;tab_subtitle&quot;:&quot;&quot;,&quot;tab_icon&quot;:{&quot;value&quot;:&quot;&quot;,&quot;library&quot;:&quot;&quot;},&quot;tab_custom_id&quot;:&quot;&quot;},{&quot;_id&quot;:&quot;0411df5&quot;,&quot;tab_content&quot;:&quot;&lt;div id=\\&quot;1564354289215-6f8f514d-08e5\\&quot; class=\\&quot;vc_tta-panel vc_active\\&quot; data-vc-content=\\&quot;.vc_tta-panel-body\\&quot;&gt;&lt;div class=\\&quot;vc_tta-panel-body\\&quot;&gt;&lt;div class=\\&quot;wpb_text_column wpb_content_element \\&quot;&gt;&lt;div class=\\&quot;wpb_wrapper\\&quot;&gt;&lt;p class=\\&quot;p1\\&quot;&gt;&lt;span class=\\&quot;s1\\&quot;&gt;Los usuarios afiliados a medicina prepagada podr\\u00e1n consultar sus beneficios directamente con su medicina prepagada, para mayor informaci\\u00f3n dale click al logo de su plan afiliado.&lt;\\\/span&gt;&lt;span class=\\&quot;s1\\&quot;&gt;&lt;br \\\/&gt;&lt;\\\/span&gt;&lt;\\\/p&gt;&lt;p class=\\&quot;p1\\&quot;&gt;Si tiene alguna duda puede comunicarse al tel\\u00e9fono fijo (607) 6392929 Call Center o al whatsapp 3008409433 para mayor informaci\\u00f3n.&lt;\\\/p&gt;&lt;\\\/div&gt;&lt;\\\/div&gt;&lt;\\\/div&gt;&lt;\\\/div&gt;&quot;,&quot;tab_title&quot;:&quot;CITAS MEDICINA PREPAGADA&quot;,&quot;content_type&quot;:&quot;tab-content&quot;,&quot;saved_section&quot;:null,&quot;tab_subtitle&quot;:&quot;&quot;,&quot;tab_icon&quot;:{&quot;value&quot;:&quot;&quot;,&quot;library&quot;:&quot;&quot;},&quot;tab_custom_id&quot;:&quot;&quot;},{&quot;_id&quot;:&quot;92e6a41&quot;,&quot;tab_content&quot;:&quot;&lt;p class=\\&quot;p1\\&quot;&gt;&lt;span class=\\&quot;s1\\&quot;&gt;Los usuarios afiliados a convenios especiales, podr\\u00e1n consultar sus beneficios directamente con su empresa y podr\\u00e1n solicitar citas v\\u00eda telef\\u00f3nica as\\u00ed:&lt;\\\/span&gt;&lt;\\\/p&gt;&lt;p class=\\&quot;p1\\&quot;&gt;&lt;span class=\\&quot;s1\\&quot;&gt;Whatsapp 301 6814493\\u00a0 o al correo convenios@virgiliogalvis.com&lt;br \\\/&gt;&lt;\\\/span&gt;&lt;\\\/p&gt;&lt;p class=\\&quot;p1\\&quot;&gt;&lt;span class=\\&quot;s1\\&quot;&gt;Para citas v\\u00eda web ingrese al portal de citas chat en l\\u00ednea que se encuentra ubicado en nuestra p\\u00e1gina web \\u2013 Seleccione convenios.&lt;\\\/span&gt;&lt;\\\/p&gt;&quot;,&quot;tab_title&quot;:&quot;CITAS CONVENIOS ESPECIALES&quot;,&quot;content_type&quot;:&quot;tab-content&quot;,&quot;saved_section&quot;:null,&quot;tab_subtitle&quot;:&quot;&quot;,&quot;tab_icon&quot;:{&quot;value&quot;:&quot;&quot;,&quot;library&quot;:&quot;&quot;},&quot;tab_custom_id&quot;:&quot;&quot;}],&quot;tabs_type&quot;:&quot;vertical&quot;,&quot;default_tab&quot;:1,&quot;tabs_responsive&quot;:&quot;mobile&quot;,&quot;tabs_responsive_type&quot;:&quot;accordion&quot;,&quot;tabs_responsive_choose&quot;:&quot;accordion&quot;}\" data-widget_type=\"cmsmasters-tabs.default\">\n\t\t\t\t<div class=\"elementor-widget-container\">\n\t\t\t\t\t<div class=\"cmsmasters-tabs\" role=\"tablist\"><div class=\"cmsmasters-tabs-list-wrapper\">\n\t\t\t<ul class=\"cmsmasters-tabs-list\"><li id=\"cmsmasters-tabs-list-item_2331\" class=\"cmsmasters-tabs-list-item cmsmasters-animation\" data-tab=\"1\"><a href=\"\" class=\"cmsmasters-tab-title\">\n\t\t\t\t\t\t\t<div class=\"cmsmasters-tab-title__text-wrap-outer\"><div class=\"cmsmasters-tab-title__text-wrap\"><h6 class=\"cmsmasters-tab-title__text \">CITAS PARTICULARES<\/h6><\/div><\/div><\/a><\/li><li id=\"cmsmasters-tabs-list-item_2332\" class=\"cmsmasters-tabs-list-item cmsmasters-animation\" data-tab=\"2\"><a href=\"\" class=\"cmsmasters-tab-title\">\n\t\t\t\t\t\t\t<div class=\"cmsmasters-tab-title__text-wrap-outer\"><div class=\"cmsmasters-tab-title__text-wrap\"><h6 class=\"cmsmasters-tab-title__text \">CITAS SIGLO 21<\/h6><\/div><\/div><\/a><\/li><li id=\"cmsmasters-tabs-list-item_2333\" class=\"cmsmasters-tabs-list-item cmsmasters-animation\" data-tab=\"3\"><a href=\"\" class=\"cmsmasters-tab-title\">\n\t\t\t\t\t\t\t<div class=\"cmsmasters-tab-title__text-wrap-outer\"><div class=\"cmsmasters-tab-title__text-wrap\"><h6 class=\"cmsmasters-tab-title__text \">CITAS ECOPETROL<\/h6><\/div><\/div><\/a><\/li><li id=\"cmsmasters-tabs-list-item_2334\" class=\"cmsmasters-tabs-list-item cmsmasters-animation\" data-tab=\"4\"><a href=\"\" class=\"cmsmasters-tab-title\">\n\t\t\t\t\t\t\t<div class=\"cmsmasters-tab-title__text-wrap-outer\"><div class=\"cmsmasters-tab-title__text-wrap\"><h6 class=\"cmsmasters-tab-title__text \">CITAS MEDICINA PREPAGADA<\/h6><\/div><\/div><\/a><\/li><li id=\"cmsmasters-tabs-list-item_2335\" class=\"cmsmasters-tabs-list-item cmsmasters-animation\" data-tab=\"5\"><a href=\"\" class=\"cmsmasters-tab-title\">\n\t\t\t\t\t\t\t<div class=\"cmsmasters-tab-title__text-wrap-outer\"><div class=\"cmsmasters-tab-title__text-wrap\"><h6 class=\"cmsmasters-tab-title__text \">CITAS CONVENIOS ESPECIALES<\/h6><\/div><\/div><\/a><\/li><\/ul>\n\t\t<\/div><div class=\"cmsmasters-tabs-wrap\"><div class=\"cmsmasters-accordion-item-wrap\"><div id=\"cmsmasters-accordion-item-2331\" class=\"cmsmasters-tabs-list-item cmsmasters-accordion-item cmsmasters-animation\" data-tab=\"1\"><a href=\"\" class=\"cmsmasters-tab-title\"><span class=\"cmsmasters-tab-icon cmsmasters-accordion-closed fas fa-plus icon-align-right\"><\/span><span class=\"cmsmasters-tab-icon cmsmasters-accordion-opened fas fa-minus icon-align-right\"><\/span><div class=\"cmsmasters-tab-title__text-wrap-outer\"><div class=\"cmsmasters-tab-title__text-wrap\"><div class=\"cmsmasters-tab-title__text \">CITAS PARTICULARES<\/div><\/div><\/div><\/a><\/div><div id=\"cmsmasters-tab-content_2331\" class=\"cmsmasters-tab\" data-tab=\"1\"><div id=\"1564354235427-1219e0ed-d9f7\" class=\"vc_tta-panel vc_active\" data-vc-content=\".vc_tta-panel-body\"><div class=\"vc_tta-panel-body\"><div class=\"wpb_text_column wpb_content_element \"><div class=\"wpb_wrapper\"><p class=\"p1\"><span class=\"s1\">Las citas particulares con especialista tiene un valor de $350.000 pesos colombianos.<\/span><\/p><p class=\"p1\"><span class=\"s1\">Este servicio se brinda a trav\u00e9s del \u00e1rea de servicios especiales, quienes realizara el proceso de asignaci\u00f3n de citas y se contactar\u00e1n con usted para suministrar la informaci\u00f3n sobre el valor a cancelar y facilitar el proceso de atenci\u00f3n con los especialistas vinculados a la instituci\u00f3n.<\/span><\/p><p class=\"p1\"><span class=\"s1\">PBX: (607) 6392929 \u00f3 al M\u00f3vil o Whatsapp 300 840 9433<\/span><\/p><p class=\"p1\"><span class=\"s1\">Para citas v\u00eda web ingrese al portal de citas chat en l\u00ednea que se encuentra ubicado en nuestra p\u00e1gina web.<\/span><\/p><\/div><\/div><\/div><\/div><\/div><\/div><div class=\"cmsmasters-accordion-item-wrap\"><div id=\"cmsmasters-accordion-item-2332\" class=\"cmsmasters-tabs-list-item cmsmasters-accordion-item cmsmasters-animation\" data-tab=\"2\"><a href=\"\" class=\"cmsmasters-tab-title\"><span class=\"cmsmasters-tab-icon cmsmasters-accordion-closed fas fa-plus icon-align-right\"><\/span><span class=\"cmsmasters-tab-icon cmsmasters-accordion-opened fas fa-minus icon-align-right\"><\/span><div class=\"cmsmasters-tab-title__text-wrap-outer\"><div class=\"cmsmasters-tab-title__text-wrap\"><div class=\"cmsmasters-tab-title__text \">CITAS SIGLO 21<\/div><\/div><\/div><\/a><\/div><div id=\"cmsmasters-tab-content_2332\" class=\"cmsmasters-tab\" data-tab=\"2\"><p class=\"p1\"><span class=\"s1\">La FUNDACI\u00d3N SALUD SIGLO 21 es una importante labor social\u00a0que facilita a los colombianos el acceso de servicios m\u00e9dicos especializados para que usted y su familia puedan vivir con mejor.<\/span><\/p><p class=\"p1\"><span class=\"s1\">Este servicio es para personas de bajos recursos y para pertenecer debe realizar una serie de requisitos que se encuentran en su p\u00e1gina web:<\/span><\/p><p class=\"p1\"><a href=\"https:\/\/saludsiglo21.org\/\"><strong>www.saludsiglo21.org<\/strong><\/a><\/p><p class=\"p1\"><span class=\"s1\">Si ya hace parte de los afiliados para solicitar el servicio pres\u00e9ntese 30 minutos antes de su cita en Autorizaciones (Torre A, 1er piso, Centro M\u00e9dico Carlos Ardila L\u00fclle) y reclame su respectiva Autorizaci\u00f3n.<\/span><\/p><p class=\"p1\"><span class=\"s1\">Luego dirigirse al consultorio y cancele el valor del servicio: categor\u00eda 1, 2 y 3 $130.000\u00a0 pesos, categor\u00eda 4 $180.000 pesos, verifique la categor\u00eda de su afiliaci\u00f3n.<\/span><\/p><\/div><\/div><div class=\"cmsmasters-accordion-item-wrap\"><div id=\"cmsmasters-accordion-item-2333\" class=\"cmsmasters-tabs-list-item cmsmasters-accordion-item cmsmasters-animation\" data-tab=\"3\"><a href=\"\" class=\"cmsmasters-tab-title\"><span class=\"cmsmasters-tab-icon cmsmasters-accordion-closed fas fa-plus icon-align-right\"><\/span><span class=\"cmsmasters-tab-icon cmsmasters-accordion-opened fas fa-minus icon-align-right\"><\/span><div class=\"cmsmasters-tab-title__text-wrap-outer\"><div class=\"cmsmasters-tab-title__text-wrap\"><div class=\"cmsmasters-tab-title__text \">CITAS ECOPETROL<\/div><\/div><\/div><\/a><\/div><div id=\"cmsmasters-tab-content_2333\" class=\"cmsmasters-tab\" data-tab=\"3\"><p class=\"p1\"><span class=\"s1\">Las citas para usuarios Ecopetrol cuentas con un directorio m\u00e9dico para sus afiliados a los que puede contactar para obtener citas m\u00e9dicas incluyendo de especialidades.<\/span><\/p><p class=\"p1\"><span class=\"s1\">Consulte directamente a Ecopetrol y conozca el procedimiento a seguir y los m\u00e9dicos adscritos o a trav\u00e9s de nuestras l\u00edneas de atenci\u00f3n.<\/span><\/p><p class=\"p1\"><span class=\"s1\">PBX: (607) 6392929\u00a0 M\u00f3vil o Whatsapp 300 840 9433<\/span><\/p><p class=\"p1\"><span class=\"s1\">Para enviar la autorizaci\u00f3n de servicio es necesario que su MEGA la envie a trav\u00e9s del correo\u00a0<strong>medicos.ecopetrol@virgiliogalvis.com<\/strong><\/span><\/p><\/div><\/div><div class=\"cmsmasters-accordion-item-wrap\"><div id=\"cmsmasters-accordion-item-2334\" class=\"cmsmasters-tabs-list-item cmsmasters-accordion-item cmsmasters-animation\" data-tab=\"4\"><a href=\"\" class=\"cmsmasters-tab-title\"><span class=\"cmsmasters-tab-icon cmsmasters-accordion-closed fas fa-plus icon-align-right\"><\/span><span class=\"cmsmasters-tab-icon cmsmasters-accordion-opened fas fa-minus icon-align-right\"><\/span><div class=\"cmsmasters-tab-title__text-wrap-outer\"><div class=\"cmsmasters-tab-title__text-wrap\"><div class=\"cmsmasters-tab-title__text \">CITAS MEDICINA PREPAGADA<\/div><\/div><\/div><\/a><\/div><div id=\"cmsmasters-tab-content_2334\" class=\"cmsmasters-tab\" data-tab=\"4\"><div id=\"1564354289215-6f8f514d-08e5\" class=\"vc_tta-panel vc_active\" data-vc-content=\".vc_tta-panel-body\"><div class=\"vc_tta-panel-body\"><div class=\"wpb_text_column wpb_content_element \"><div class=\"wpb_wrapper\"><p class=\"p1\"><span class=\"s1\">Los usuarios afiliados a medicina prepagada podr\u00e1n consultar sus beneficios directamente con su medicina prepagada, para mayor informaci\u00f3n dale click al logo de su plan afiliado.<\/span><span class=\"s1\"><br \/><\/span><\/p><p class=\"p1\">Si tiene alguna duda puede comunicarse al tel\u00e9fono fijo (607) 6392929 Call Center o al whatsapp 3008409433 para mayor informaci\u00f3n.<\/p><\/div><\/div><\/div><\/div><\/div><\/div><div class=\"cmsmasters-accordion-item-wrap\"><div id=\"cmsmasters-accordion-item-2335\" class=\"cmsmasters-tabs-list-item cmsmasters-accordion-item cmsmasters-animation\" data-tab=\"5\"><a href=\"\" class=\"cmsmasters-tab-title\"><span class=\"cmsmasters-tab-icon cmsmasters-accordion-closed fas fa-plus icon-align-right\"><\/span><span class=\"cmsmasters-tab-icon cmsmasters-accordion-opened fas fa-minus icon-align-right\"><\/span><div class=\"cmsmasters-tab-title__text-wrap-outer\"><div class=\"cmsmasters-tab-title__text-wrap\"><div class=\"cmsmasters-tab-title__text \">CITAS CONVENIOS ESPECIALES<\/div><\/div><\/div><\/a><\/div><div id=\"cmsmasters-tab-content_2335\" class=\"cmsmasters-tab\" data-tab=\"5\"><p class=\"p1\"><span class=\"s1\">Los usuarios afiliados a convenios especiales, podr\u00e1n consultar sus beneficios directamente con su empresa y podr\u00e1n solicitar citas v\u00eda telef\u00f3nica as\u00ed:<\/span><\/p><p class=\"p1\"><span class=\"s1\">Whatsapp 301 6814493\u00a0 o al correo convenios@virgiliogalvis.com<br \/><\/span><\/p><p class=\"p1\"><span class=\"s1\">Para citas v\u00eda web ingrese al portal de citas chat en l\u00ednea que se encuentra ubicado en nuestra p\u00e1gina web \u2013 Seleccione convenios.<\/span><\/p><\/div><\/div><\/div><\/div>\t\t\t\t<\/div>\n\t\t\t\t<\/div>\n\t\t\t\t\t<\/div>\n\t\t\t\t<\/div>\n\t\t\t\t<\/div>\n\t\t","protected":false},"excerpt":{"rendered":"<p>Agreements and Prepaid Medicine To request a medical appointment, you must determine whether you are affiliated with a Prepaid Medicine, Ecopetrol, or other insurance company, and whether you would like the costs of the consultation, prescriptions, and medications covered by that insurance company. PRIVATE APPOINTMENTS 21ST CENTURY APPOINTMENTS\u2026<\/p>","protected":false},"author":2,"featured_media":0,"parent":2629,"menu_order":0,"comment_status":"closed","ping_status":"closed","template":"","meta":{"_acf_changed":false,"inline_featured_image":false,"footnotes":""},"class_list":["post-2642","page","type-page","status-publish","hentry"],"acf":[],"_links":{"self":[{"href":"https:\/\/virgiliogalvis.com\/en\/wp-json\/wp\/v2\/pages\/2642","targetHints":{"allow":["GET"]}}],"collection":[{"href":"https:\/\/virgiliogalvis.com\/en\/wp-json\/wp\/v2\/pages"}],"about":[{"href":"https:\/\/virgiliogalvis.com\/en\/wp-json\/wp\/v2\/types\/page"}],"author":[{"embeddable":true,"href":"https:\/\/virgiliogalvis.com\/en\/wp-json\/wp\/v2\/users\/2"}],"replies":[{"embeddable":true,"href":"https:\/\/virgiliogalvis.com\/en\/wp-json\/wp\/v2\/comments?post=2642"}],"version-history":[{"count":86,"href":"https:\/\/virgiliogalvis.com\/en\/wp-json\/wp\/v2\/pages\/2642\/revisions"}],"predecessor-version":[{"id":44761,"href":"https:\/\/virgiliogalvis.com\/en\/wp-json\/wp\/v2\/pages\/2642\/revisions\/44761"}],"up":[{"embeddable":true,"href":"https:\/\/virgiliogalvis.com\/en\/wp-json\/wp\/v2\/pages\/2629"}],"wp:attachment":[{"href":"https:\/\/virgiliogalvis.com\/en\/wp-json\/wp\/v2\/media?parent=2642"}],"curies":[{"name":"wp","href":"https:\/\/api.w.org\/{rel}","templated":true}]}}