{"id":2629,"date":"2019-07-12T02:48:30","date_gmt":"2019-07-12T02:48:30","guid":{"rendered":"https:\/\/virgiliogalvis.com\/?page_id=2629"},"modified":"2019-07-12T02:48:30","modified_gmt":"2019-07-12T02:48:30","slug":"proceso-de-admision","status":"publish","type":"page","link":"https:\/\/virgiliogalvis.com\/en\/proceso-de-admision\/","title":{"rendered":"Admission Process"},"content":{"rendered":"<p>[vc_row gap=&#8221;35&#8243; equal_height=&#8221;yes&#8221; content_placement=&#8221;middle&#8221; iw_layout=&#8221;wide-bg&#8221;][vc_column width=&#8221;1\/2&#8243;][vc_video link=&#8221;https:\/\/youtu.be\/nQ4Q3oU_N4g&#8221;][\/vc_column][vc_column width=&#8221;1\/2&#8243;][inwave_heading preview_style_1=&#8221;&#8221; title=&#8221;{PROCESO DE ADMISI\u00d3N}&#8221; css=&#8221;.vc_custom_1575740622313{margin-top: 5px !important;margin-right: 5px !important;margin-bottom: 5px !important;margin-left: 5px !important;border-top-width: 5px !important;border-right-width: 5px !important;border-bottom-width: 5px !important;border-left-width: 5px !important;}&#8221;][vc_column_text css=&#8221;.vc_custom_1575740610868{margin-top: 5px !important;margin-right: 5px !important;margin-bottom: 5px !important;margin-left: 5px !important;border-top-width: 5px !important;border-right-width: 5px !important;border-bottom-width: 5px !important;border-left-width: 5px !important;}&#8221;]Durante la consulta especializada se realiza un manejo integral de la Visi\u00f3n del Paciente, la cual est\u00e1 conformada por una consulta de optometr\u00eda y oftalmolog\u00eda.<\/p>\n<p>Se\u00f1or usuario, es importante que siga estos pasos para que su proceso de atenci\u00f3n se lleve sin ninguna dificultad.[\/vc_column_text][vc_empty_space][vc_btn title=&#8221;SOLICITE SU CITA&#8221; shape=&#8221;round&#8221; align=&#8221;center&#8221; el_class=&#8221;popmake-3281 pum-trigger&#8221;][\/vc_column][\/vc_row][vc_row equal_height=&#8221;yes&#8221; iw_layout=&#8221;wide-bg&#8221; css=&#8221;.vc_custom_1562899126971{margin-top: 30px !important;}&#8221;][vc_column][inwave_accordions layout=&#8221;accordion2&#8243; preview_style2=&#8221;&#8221; item_active=&#8221;-1&#8243;][inwave_accordion_item title=&#8221;PASO 1 &#8211; PROGRAMACI\u00d3N DE LA CITA&#8221;]<\/p>\n<p class=\"p1\"><span class=\"s1\">Para programar su cita Comun\u00edquese con nosotros telef\u00f3nicamente a nuestro Call Center <\/span><\/p>\n<p class=\"p1\"><span class=\"s1\">PBX (607) 6392929<\/span><\/p>\n<p class=\"p1\"><span class=\"s1\">WhatsApp 300 840 9433<\/span><\/p>\n<p class=\"p1\"><span class=\"s1\">Correo electr\u00f3nico: citas@virgiliogalvis.com<\/span><\/p>\n<p class=\"p1\"><span class=\"s1\">Tambi\u00e9n puede solicitar su cita mediante mensaje en nuestra p\u00e1gina web en la secci\u00f3n cont\u00e1ctenos o solicite su cita diligenciando el nombre completo del paciente, correo electr\u00f3nico y n\u00famero telef\u00f3nico de contacto <\/span><\/p>\n<p class=\"p1\"><span class=\"s1\"><b>NOTA:<\/b> Para solicitar su cita. Tenga a mano sus \u00f3rdenes m\u00e9dicas, l\u00e1piz y papel para registrar el lugar, fecha y hora de la cita asignada.<\/span><\/p>\n<p class=\"p1\"><span class=\"s1\">Por favor siga las instrucciones de preparaci\u00f3n para su examen. Estas le ser\u00e1n informadas en el momento de la asignaci\u00f3n de la cita. <\/span><\/p>\n<p class=\"p1\"><span class=\"s1\">En caso de cancelaci\u00f3n por favor inf\u00f3rmenos con 24 horas de anticipaci\u00f3n, recuerde que inform\u00e1ndonos a tiempo le damos la oportunidad a otra persona que sea atendido.<\/span><\/p>\n<p>[\/inwave_accordion_item][inwave_accordion_item title=&#8221;PASO 2 &#8211; LLEGADA DEL PACIENTE&#8221;]<\/p>\n<p class=\"p1\"><span class=\"s1\">A su llegada a la instituci\u00f3n, dir\u00edjase a la ventanilla de recepci\u00f3n donde debe anunciarse, con m\u00ednimo 10 minutos de anticipaci\u00f3n para realizar los tr\u00e1mites administrativos antes de la hora de la cita.<\/span><\/p>\n<p>[\/inwave_accordion_item][inwave_accordion_item title=&#8221;PASO 3 &#8211; ADMISI\u00d3N&#8221;]<\/p>\n<p class=\"p1\"><span class=\"s1\">Los profesionales de admisiones recepcionara los datos personales del paciente que se consignan en una base de datos (Historia Cl\u00ednica), seguido le toma la presi\u00f3n arterial al paciente y le indicara los pasos a seguir durante su estancia en el centro oftalmol\u00f3gico.<\/span><\/p>\n<p class=\"p1\"><span class=\"s1\">De ser necesario presente su orden m\u00e9dica, documento de identidad y cuota moderadora (si aplica) y actualice sus datos de contacto. <\/span><\/p>\n<p class=\"p1\"><span class=\"s1\">Le ser\u00e1 entregada una encuesta para que eval\u00fae nuestros servicios al final de la atenci\u00f3n. Por favor depos\u00edtela a la salida en el buz\u00f3n de la sala de espera de la sede.<\/span><\/p>\n<p>[\/inwave_accordion_item][inwave_accordion_item title=&#8221;PASO 4 &#8211; SALA DE ESPERA&#8221;]<\/p>\n<p class=\"p1\"><span class=\"s1\">Si se requiere para su examen o consulta, se le aplicar\u00e1n gotas para dilatar la pupila. Es necesario que est\u00e9 acompa\u00f1ado por un adulto y firme la autorizaci\u00f3n para este procedimiento informando si sufre de enfermedades importantes especialmente cardiacas. Deber\u00e1 esperar de 15 a 30 minutos para que la pupila alcance el tama\u00f1o adecuado. <\/span><\/p>\n<p class=\"p1\"><span class=\"s1\">Si no se requiere este procedimiento, deber\u00e1 esperar en la sala el llamado del profesional que realizar\u00e1 la atenci\u00f3n del examen o consulta.<\/span><\/p>\n<p>[\/inwave_accordion_item][inwave_accordion_item title=&#8221;PASO 5 &#8211; ATENCI\u00d3N EN CONSULTORIO&#8221;]<\/p>\n<p class=\"p1\"><span class=\"s1\">Cuando ingrese al consultorio podr\u00e1 hacer las preguntas relacionadas con su atenci\u00f3n (examen o consulta) al profesional de la salud. Es importante que siga las instrucciones para el buen desarrollo del examen o valoraci\u00f3n en consulta. Si siente alguna molestia, por favor ind\u00edquelo de inmediato.<\/span><\/p>\n<p>[\/inwave_accordion_item][inwave_accordion_item title=&#8221;PASO 6 &#8211; INDICACIONES ESPECIALES&#8221;]Al finalizar el examen o consulta, el profesional de la salud, le dar\u00e1 indicaciones especiales de cuidado y la fecha de entrega de los resultados, si se practic\u00f3 ex\u00e1menes diagn\u00f3sticos.<\/p>\n<p>Algunos resultados pueden tardar hasta cuatro (4) d\u00edas. Otros, se procesan de inmediato y se entregan 20 minutos despu\u00e9s de realizada la prueba.\u00a0 Para reclamar los resultados debe presentar su documento de identidad o autorizaci\u00f3n a terceros si no es el paciente quien los reclama.<\/p>\n<p class=\"p1\"><span class=\"s1\">\u00a0<\/span><\/p>\n<p>[\/inwave_accordion_item][inwave_accordion_item title=&#8221;PASO 7 &#8211; PROGRAMACI\u00d3N Y DESPACHO&#8221;]Al finalizar el examen o consulta, el profesional de la salud, le dar\u00e1 indicaciones especiales de cuidado y la fecha de entrega de los resultados, si se practic\u00f3 ex\u00e1menes diagn\u00f3sticos.<\/p>\n<p>Algunos resultados pueden tardar hasta cuatro (4) d\u00edas. Otros, se procesan de inmediato y se entregan 20 minutos despu\u00e9s de realizada la prueba.\u00a0 Para reclamar los resultados debe presentar su documento de identidad o autorizaci\u00f3n a terceros si no es el paciente quien los reclama.[\/inwave_accordion_item][\/inwave_accordions][vc_btn title=&#8221;CARTILLA DE DERECHOS Y DEBERES DE LOS PACIENTES&#8221; shape=&#8221;round&#8221; align=&#8221;center&#8221;][\/vc_column][\/vc_row]<\/p>\n","protected":false},"excerpt":{"rendered":"<p>[vc_row gap=&#8221;35&#8243; equal_height=&#8221;yes&#8221; content_placement=&#8221;middle&#8221; iw_layout=&#8221;wide-bg&#8221;][vc_column width=&#8221;1\/2&#8243;][vc_video link=&#8221;https:\/\/youtu.be\/nQ4Q3oU_N4g&#8221;][\/vc_column][vc_column width=&#8221;1\/2&#8243;][inwave_heading preview_style_1=&#8221;&#8221; title=&#8221;{PROCESO DE ADMISI\u00d3N}&#8221; css=&#8221;.vc_custom_1575740622313{margin-top: 5px !important;margin-right: 5px !important;margin-bottom: 5px !important;margin-left: 5px !important;border-top-width: 5px !important;border-right-width: 5px !important;border-bottom-width: 5px !important;border-left-width: 5px !important;}&#8221;][vc_column_text css=&#8221;.vc_custom_1575740610868{margin-top: 5px !important;margin-right: 5px !important;margin-bottom: 5px !important;margin-left: 5px !important;border-top-width: 5px !important;border-right-width: 5px !important;border-bottom-width: 5px !important;border-left-width: 5px !important;}&#8221;]Durante la consulta especializada se realiza un manejo integral de&#8230;<\/p>\n","protected":false},"author":2,"featured_media":0,"parent":0,"menu_order":0,"comment_status":"closed","ping_status":"closed","template":"page-templates\/full-width-page.php","meta":{"_acf_changed":false,"inline_featured_image":false,"footnotes":""},"class_list":["post-2629","page","type-page","status-publish","hentry"],"acf":[],"_links":{"self":[{"href":"https:\/\/virgiliogalvis.com\/en\/wp-json\/wp\/v2\/pages\/2629","targetHints":{"allow":["GET"]}}],"collection":[{"href":"https:\/\/virgiliogalvis.com\/en\/wp-json\/wp\/v2\/pages"}],"about":[{"href":"https:\/\/virgiliogalvis.com\/en\/wp-json\/wp\/v2\/types\/page"}],"author":[{"embeddable":true,"href":"https:\/\/virgiliogalvis.com\/en\/wp-json\/wp\/v2\/users\/2"}],"replies":[{"embeddable":true,"href":"https:\/\/virgiliogalvis.com\/en\/wp-json\/wp\/v2\/comments?post=2629"}],"version-history":[{"count":0,"href":"https:\/\/virgiliogalvis.com\/en\/wp-json\/wp\/v2\/pages\/2629\/revisions"}],"wp:attachment":[{"href":"https:\/\/virgiliogalvis.com\/en\/wp-json\/wp\/v2\/media?parent=2629"}],"curies":[{"name":"wp","href":"https:\/\/api.w.org\/{rel}","templated":true}]}}