{"id":2624,"date":"2019-07-12T02:33:42","date_gmt":"2019-07-12T02:33:42","guid":{"rendered":"https:\/\/virgiliogalvis.com\/?page_id=2624"},"modified":"2019-07-12T02:33:42","modified_gmt":"2019-07-12T02:33:42","slug":"optometria","status":"publish","type":"page","link":"https:\/\/virgiliogalvis.com\/en\/optometria\/","title":{"rendered":"Optometry"},"content":{"rendered":"<p>[vc_row iw_layout=&#8221;wide-bg&#8221;][vc_column][vc_row_inner][vc_column_inner width=&#8221;1\/2&#8243;][vc_video link=&#8221;https:\/\/www.youtube.com\/watch?v=wpg6R_-Rd80&#8243;][\/vc_column_inner][vc_column_inner width=&#8221;1\/2&#8243;][inwave_heading preview_style_1=&#8221;&#8221; title=&#8221;{Consulta de Optometr\u00eda}&#8221; align=&#8221;left&#8221;][vc_column_text]La consulta de optometr\u00eda se encarga del dise\u00f1o, c\u00e1lculo, adaptaci\u00f3n y control de lentes de contacto convencionales o especiales, lentes oft\u00e1lmicos y dispositivos \u00f3pticos, filtros, prismas, as\u00ed como la terapia visual que permitan mejorar la eficiencia visual y la salud visual de los pacientes.<\/p>\n<p>La consulta sirve para realizar la detecci\u00f3n, diagn\u00f3stico y tratamiento de la enfermedad en el ojo y la rehabilitaci\u00f3n de las condiciones del sistema visual.[\/vc_column_text][vc_btn title=&#8221;SOLICITE SU CITA&#8221; shape=&#8221;round&#8221; align=&#8221;center&#8221; el_class=&#8221;popmake-3281 pum-trigger&#8221;][\/vc_column_inner][\/vc_row_inner][vc_row_inner][vc_column_inner][vc_empty_space][\/vc_column_inner][\/vc_row_inner][\/vc_column][\/vc_row][vc_row equal_height=&#8221;yes&#8221; iw_layout=&#8221;wide-bg&#8221; css=&#8221;.vc_custom_1562899126971{margin-top: 30px !important;}&#8221;][vc_column width=&#8221;1\/2&#8243;][inwave_accordions layout=&#8221;accordion2&#8243; preview_style2=&#8221;&#8221; item_active=&#8221;-1&#8243;][inwave_accordion_item title=&#8221;1. Anamnesis&#8221;]<\/p>\n<p class=\"p1\"><span class=\"s1\">Informaci\u00f3n primaria de optometr\u00eda<\/span><\/p>\n<p>[\/inwave_accordion_item][inwave_accordion_item title=&#8221;2. Toma de agudeza visual&#8221;]<\/p>\n<p class=\"p1\"><span class=\"s1\">Consiste en cuantificar el grado de visi\u00f3n que tiene el paciente por cada ojo.<\/span><\/p>\n<p>[\/inwave_accordion_item][inwave_accordion_item title=&#8221;3. Lensometr\u00eda&#8221;]<\/p>\n<p class=\"p1\"><span class=\"s1\">Este examen consiste en medir el poder de las gafas en los pacientes que las traen.<\/span><\/p>\n<p>[\/inwave_accordion_item][inwave_accordion_item title=&#8221;4. Queratometr\u00eda&#8221;]<\/p>\n<p class=\"p1\"><span class=\"s1\">Este examen consiste en la medici\u00f3n de la curvatura corneal.<\/span><\/p>\n<p>[\/inwave_accordion_item][\/inwave_accordions][\/vc_column][vc_column width=&#8221;1\/2&#8243;][inwave_accordions layout=&#8221;accordion2&#8243; preview_style2=&#8221;&#8221; item_active=&#8221;-1&#8243;][inwave_accordion_item title=&#8221;5. Autorefractometro&#8221;]<\/p>\n<p class=\"p1\"><span class=\"s1\">Este examen permite obtener un dato objetivo y automatizado del estado refractivo del paciente.<\/span><\/p>\n<p>[\/inwave_accordion_item][inwave_accordion_item title=&#8221;6. Retinoscopia&#8221;]<\/p>\n<p class=\"p1\"><span class=\"s1\">Este examen consiste en corroborar el estado refractivo obtenido con el autorrefract\u00f3metro y afinarlo para obtener una formula final.<\/span><\/p>\n<p>[\/inwave_accordion_item][inwave_accordion_item title=&#8221;7. Ton\u00f3metro neum\u00e1tico&#8221;]<\/p>\n<p class=\"p1\"><span class=\"s1\">Por medio de este examen se toma la presi\u00f3n intraocular.<\/span><\/p>\n<p>[\/inwave_accordion_item][inwave_accordion_item title=&#8221;8. Lentes de Contacto y Gafas&#8221;]<\/p>\n<p class=\"p1\"><span class=\"s1\">Se adaptan lentes de contacto o gafas seg\u00fan la necesidad.<\/span><\/p>\n<p>[\/inwave_accordion_item][\/inwave_accordions][\/vc_column][\/vc_row][vc_row equal_height=&#8221;yes&#8221; iw_layout=&#8221;wide-bg&#8221; css=&#8221;.vc_custom_1562899126971{margin-top: 30px !important;}&#8221;][vc_column width=&#8221;1\/2&#8243;][inwave_heading preview_style_1=&#8221;&#8221; title=&#8221;{Lentes de Contacto}&#8221; align=&#8221;left&#8221;][vc_column_text]La adaptaci\u00f3n de lentes de contacto forma parte del servicio que todo profesional de la salud visual debe proporcionarles a sus pacientes y que en el Centro Oftalmol\u00f3gico Virgilio Galvis contamos con expertos para asesorar y adaptar el lente de contacto indicado para cada paciente.\u00a0 El \u00e9xito de adaptaci\u00f3n radica en personalizar el proceso.\u00a0 Cada ojo y cada caso es diferente, para ello existe en el mercado variedad de Lentes de Contacto.[\/vc_column_text][vc_btn title=&#8221;SOLICITE SU CITA&#8221; shape=&#8221;round&#8221; align=&#8221;center&#8221; el_class=&#8221;popmake-3281 pum-trigger&#8221;][\/vc_column][vc_column width=&#8221;1\/2&#8243;][vc_video link=&#8221;https:\/\/youtu.be\/pxkYj9c787c&#8221;][\/vc_column][\/vc_row][vc_row][vc_column][vc_row_inner][vc_column_inner][vc_empty_space][\/vc_column_inner][\/vc_row_inner][vc_btn title=&#8221;VISITA NUESTRA \u00d3PTICAS&#8221; align=&#8221;center&#8221; link=&#8221;url:https%3A%2F%2Fvirgiliogalvis.com%2Fnuestras-opticas%2F|title:Nuestras%20%C3%93pticas||&#8221;][\/vc_column][\/vc_row][vc_row][vc_column][\/vc_column][\/vc_row]<\/p>\n","protected":false},"excerpt":{"rendered":"<p>[vc_row iw_layout=&#8221;wide-bg&#8221;][vc_column][vc_row_inner][vc_column_inner width=&#8221;1\/2&#8243;][vc_video link=&#8221;https:\/\/www.youtube.com\/watch?v=wpg6R_-Rd80&#8243;][\/vc_column_inner][vc_column_inner width=&#8221;1\/2&#8243;][inwave_heading preview_style_1=&#8221;&#8221; title=&#8221;{Consulta de Optometr\u00eda}&#8221; align=&#8221;left&#8221;][vc_column_text]La consulta de optometr\u00eda se encarga del dise\u00f1o, c\u00e1lculo, adaptaci\u00f3n y control de lentes de contacto convencionales o especiales, lentes oft\u00e1lmicos y dispositivos \u00f3pticos, filtros, prismas, as\u00ed como la terapia visual que permitan mejorar la eficiencia visual y la salud visual de los pacientes. La consulta&#8230;<\/p>\n","protected":false},"author":2,"featured_media":0,"parent":0,"menu_order":0,"comment_status":"closed","ping_status":"closed","template":"page-templates\/full-width-page.php","meta":{"_acf_changed":false,"inline_featured_image":false,"footnotes":""},"class_list":["post-2624","page","type-page","status-publish","hentry"],"acf":[],"_links":{"self":[{"href":"https:\/\/virgiliogalvis.com\/en\/wp-json\/wp\/v2\/pages\/2624","targetHints":{"allow":["GET"]}}],"collection":[{"href":"https:\/\/virgiliogalvis.com\/en\/wp-json\/wp\/v2\/pages"}],"about":[{"href":"https:\/\/virgiliogalvis.com\/en\/wp-json\/wp\/v2\/types\/page"}],"author":[{"embeddable":true,"href":"https:\/\/virgiliogalvis.com\/en\/wp-json\/wp\/v2\/users\/2"}],"replies":[{"embeddable":true,"href":"https:\/\/virgiliogalvis.com\/en\/wp-json\/wp\/v2\/comments?post=2624"}],"version-history":[{"count":0,"href":"https:\/\/virgiliogalvis.com\/en\/wp-json\/wp\/v2\/pages\/2624\/revisions"}],"wp:attachment":[{"href":"https:\/\/virgiliogalvis.com\/en\/wp-json\/wp\/v2\/media?parent=2624"}],"curies":[{"name":"wp","href":"https:\/\/api.w.org\/{rel}","templated":true}]}}